{"id":11692,"date":"2025-05-06T18:15:51","date_gmt":"2025-05-06T18:15:51","guid":{"rendered":"https:\/\/hidalgopsychiatry.com\/?page_id=11692"},"modified":"2026-03-08T11:37:56","modified_gmt":"2026-03-08T11:37:56","slug":"gracias","status":"publish","type":"page","link":"https:\/\/hidalgopsychiatry.com\/es\/gracias\/","title":{"rendered":"Gracias"},"content":{"rendered":"<div data-elementor-type=\"wp-page\" data-elementor-id=\"11692\" class=\"elementor elementor-11692\" data-elementor-post-type=\"page\">\n\t\t\t\t        <section class=\"elementor-section elementor-top-section elementor-element elementor-element-b80b2e0 elementor-section-stretched elementor-section-boxed elementor-section-height-default elementor-section-height-default pxl-row-scroll-none pxl-zoom-point-false pxl-section-overflow-visible pxl-section-fix-none pxl-bg-color-none pxl-section-overlay-none\" data-id=\"b80b2e0\" data-element_type=\"section\" data-e-type=\"section\" data-settings=\"{&quot;stretch_section&quot;:&quot;section-stretched&quot;}\">\n\n                \n                <div class=\"elementor-container elementor-column-gap-default\">\n                <div class=\"elementor-column elementor-col-100 elementor-top-column elementor-element elementor-element-da27e71 pxl-column-none pxl-column-overflow-hidden-no\" data-id=\"da27e71\" data-element_type=\"column\" data-e-type=\"column\" data-settings=\"{&quot;background_background&quot;:&quot;classic&quot;}\">\r\n        <div class=\"elementor-widget-wrap elementor-element-populated\">\r\n                     \r\n        \t\t<div class=\"elementor-element elementor-element-598181e elementor-widget-tablet_extra__width-initial elementor-widget-tablet__width-initial elementor-widget-mobile__width-inherit elementor-widget elementor-widget-text-editor\" data-id=\"598181e\" data-element_type=\"widget\" data-e-type=\"widget\" data-widget_type=\"text-editor.default\">\n\t\t\t\t\t\t\t\t\t<p>Nuestro equipo revisar\u00e1 su solicitud y se pondr\u00e1 en contacto con usted lo antes posible.<\/p><p>Mientras tanto, no dude en explorar nuestro sitio web o llamarnos si tiene alguna necesidad urgente.<\/p>\t\t\t\t\t\t\t\t<\/div>\n\t\t        <section class=\"elementor-section elementor-inner-section elementor-element elementor-element-293fcaf elementor-section-boxed elementor-section-height-default elementor-section-height-default pxl-row-scroll-none pxl-zoom-point-false pxl-section-overflow-visible pxl-section-fix-none pxl-bg-color-none pxl-section-overlay-none\" data-id=\"293fcaf\" data-element_type=\"section\" data-e-type=\"section\">\n\n                \n                <div class=\"elementor-container elementor-column-gap-extended\">\n                <div class=\"elementor-column elementor-col-50 elementor-inner-column elementor-element elementor-element-c0efdbf pxl-column-none pxl-column-overflow-hidden-no elementor-invisible\" data-id=\"c0efdbf\" data-element_type=\"column\" data-e-type=\"column\" data-settings=\"{&quot;background_background&quot;:&quot;classic&quot;,&quot;animation&quot;:&quot;fadeInLeft&quot;}\">\r\n        <div class=\"elementor-widget-wrap elementor-element-populated\">\r\n                     \r\n        \t\t<div class=\"elementor-element elementor-element-6b1d697 elementor-widget elementor-widget-pxl_heading\" data-id=\"6b1d697\" data-element_type=\"widget\" data-e-type=\"widget\" data-widget_type=\"pxl_heading.default\">\n\t\t\t\t<div class=\"elementor-widget-container\">\n\t\t\t\t\t\n<div id=\"pxl-pxl_heading-6b1d697-1650\" class=\"pxl-heading px-sub-title-default-style\">\n\t<div class=\"pxl-heading--inner\">\n\t\t\n\t\t<h3 class=\"pxl-item--title style-default  highlight-default\" data-wow-delay=\"ms\">\n\t\t\t\t\tHorario de programaci\u00f3n\t\n\t\t\t\n\t\t<\/h3>\n\t\t\n\t<\/div>\n<\/div>\t\t\t\t<\/div>\n\t\t\t\t<\/div>\n\t\t\t\t<div class=\"elementor-element elementor-element-9e0b9e8 elementor-widget__width-auto elementor-absolute elementor-widget elementor-widget-pxl_icon\" data-id=\"9e0b9e8\" data-element_type=\"widget\" data-e-type=\"widget\" data-settings=\"{&quot;_position&quot;:&quot;absolute&quot;}\" data-widget_type=\"pxl_icon.default\">\n\t\t\t\t<div class=\"elementor-widget-container\">\n\t\t\t\t\t    <div class=\"pxl-icon-list pxl-icon1  style-1\" data-wow-delay=\"ms\">\r\n                                    <a class=\"elementor-repeater-item-dbea64c\" >\r\n                                        <svg xmlns=\"http:\/\/www.w3.org\/2000\/svg\" width=\"32\" height=\"32\" fill=\"#000000\" viewbox=\"0 0 256 256\"><path d=\"M128,32a96,96,0,1,0,96,96A96.11,96.11,0,0,0,128,32Zm0,176a80,80,0,1,1,80-80A80.09,80.09,0,0,1,128,208ZM61.66,29.66l-32,32A8,8,0,0,1,18.34,50.34l32-32A8,8,0,1,1,61.66,29.66Zm176,32a8,8,0,0,1-11.32,0l-32-32a8,8,0,0,1,11.32-11.32l32,32A8,8,0,0,1,237.66,61.66ZM184,120a8,8,0,0,1,0,16H128a8,8,0,0,1-8-8V72a8,8,0,0,1,16,0v48Z\"><\/path><\/svg>                                                        <\/a>\r\n                        <\/div>\r\n    \t\t\t\t<\/div>\n\t\t\t\t<\/div>\n\t\t        <section class=\"elementor-section elementor-inner-section elementor-element elementor-element-7dbf27a elementor-section-boxed elementor-section-height-default elementor-section-height-default pxl-row-scroll-none pxl-zoom-point-false pxl-section-overflow-visible pxl-section-fix-none pxl-bg-color-none pxl-section-overlay-none\" data-id=\"7dbf27a\" data-element_type=\"section\" data-e-type=\"section\">\n\n                \n                <div class=\"elementor-container elementor-column-gap-no\">\n                <div class=\"elementor-column elementor-col-100 elementor-inner-column elementor-element elementor-element-20667ec pxl-column-none pxl-column-overflow-hidden-no\" data-id=\"20667ec\" data-element_type=\"column\" data-e-type=\"column\">\r\n        <div class=\"elementor-widget-wrap elementor-element-populated\">\r\n                     \r\n        \t\t<div class=\"elementor-element elementor-element-3d7319a elementor-widget__width-auto elementor-widget elementor-widget-pxl_text_editor\" data-id=\"3d7319a\" data-element_type=\"widget\" data-e-type=\"widget\" data-widget_type=\"pxl_text_editor.default\">\n\t\t\t\t<div class=\"elementor-widget-container\">\n\t\t\t\t\t<div class=\"pxl-text-editor default\">\n\t<div class=\"pxl-item--inner  ft-gt\" data-wow-delay=\"ms\">\n\t\t<p>Lunes \u2013 Viernes<\/p>\t\t\n\t<\/div>\n<\/div>\t\t\t\t<\/div>\n\t\t\t\t<\/div>\n\t\t\t\t<div class=\"elementor-element elementor-element-3f60c31 elementor-widget__width-auto elementor-widget elementor-widget-pxl_text_editor\" data-id=\"3f60c31\" data-element_type=\"widget\" data-e-type=\"widget\" data-widget_type=\"pxl_text_editor.default\">\n\t\t\t\t<div class=\"elementor-widget-container\">\n\t\t\t\t\t<div class=\"pxl-text-editor default\">\n\t<div class=\"pxl-item--inner  ft-gt\" data-wow-delay=\"ms\">\n\t\t<p>08:30 a. m. \u2013 05:30 p. m.<\/p>\t\t\n\t<\/div>\n<\/div>\t\t\t\t<\/div>\n\t\t\t\t<\/div>\n\t\t            <\/div>\r\n        <\/div>\r\n        \t\t\t<\/div>\n\t\t<\/section>\n\t\t        <section class=\"elementor-section elementor-inner-section elementor-element elementor-element-85785f3 elementor-section-boxed elementor-section-height-default elementor-section-height-default pxl-row-scroll-none pxl-zoom-point-false pxl-section-overflow-visible pxl-section-fix-none pxl-bg-color-none pxl-section-overlay-none\" data-id=\"85785f3\" data-element_type=\"section\" data-e-type=\"section\">\n\n                \n                <div class=\"elementor-container elementor-column-gap-no\">\n                <div class=\"elementor-column elementor-col-100 elementor-inner-column elementor-element elementor-element-19d8669 pxl-column-none pxl-column-overflow-hidden-no\" data-id=\"19d8669\" data-element_type=\"column\" data-e-type=\"column\">\r\n        <div class=\"elementor-widget-wrap elementor-element-populated\">\r\n                     \r\n        \t\t<div class=\"elementor-element elementor-element-2a48975 elementor-widget__width-auto elementor-widget elementor-widget-pxl_text_editor\" data-id=\"2a48975\" data-element_type=\"widget\" data-e-type=\"widget\" data-widget_type=\"pxl_text_editor.default\">\n\t\t\t\t<div class=\"elementor-widget-container\">\n\t\t\t\t\t<div class=\"pxl-text-editor default\">\n\t<div class=\"pxl-item--inner  ft-gt\" data-wow-delay=\"ms\">\n\t\t<p>S\u00e1bado \u2013 Domingo<\/p>\t\t\n\t<\/div>\n<\/div>\t\t\t\t<\/div>\n\t\t\t\t<\/div>\n\t\t\t\t<div class=\"elementor-element elementor-element-dad3e47 elementor-widget__width-auto elementor-widget elementor-widget-pxl_text_editor\" data-id=\"dad3e47\" data-element_type=\"widget\" data-e-type=\"widget\" data-widget_type=\"pxl_text_editor.default\">\n\t\t\t\t<div class=\"elementor-widget-container\">\n\t\t\t\t\t<div class=\"pxl-text-editor default\">\n\t<div class=\"pxl-item--inner  ft-gt\" data-wow-delay=\"ms\">\n\t\t<p>Cerrado<\/p>\t\t\n\t<\/div>\n<\/div>\t\t\t\t<\/div>\n\t\t\t\t<\/div>\n\t\t            <\/div>\r\n        <\/div>\r\n        \t\t\t<\/div>\n\t\t<\/section>\n\t\t\t\t<div class=\"elementor-element elementor-element-99dfa22 elementor-align-center ft-gt pxl-icon-list  elementor-widget elementor-widget-pxl_button\" data-id=\"99dfa22\" data-element_type=\"widget\" data-e-type=\"widget\" data-widget_type=\"pxl_button.default\">\n\t\t\t\t<div class=\"elementor-widget-container\">\n\t\t\t\t\t<div id=\"pxl-pxl_button-99dfa22-4462\" class=\"pxl-button pxl-atc-link\" data-wow-delay=\"ms\">\r\n    <a href=\"https:\/\/hidalgopsychiatry.com\/\" class=\"btn  btn-glossy btn-default  full justify-sb pxl-icon--right\" data-wow-delay=\"ms\" data-target=\".pxl-page-popup-template-0\">\r\n                    <i aria-hidden=\"true\" class=\"flaticon flaticon-right-arrow-1\"><\/i>                        <span class=\"pxl--btn-text\" data-text=\"More info\">\r\n                        M\u00e1s informaci\u00f3n        <\/span>\r\n    <\/a>\r\n<\/div>\t\t\t\t<\/div>\n\t\t\t\t<\/div>\n\t\t            <\/div>\r\n        <\/div>\r\n                <div class=\"elementor-column elementor-col-50 elementor-inner-column elementor-element elementor-element-c027ecd pxl-column-none pxl-column-overflow-hidden-no elementor-invisible\" data-id=\"c027ecd\" data-element_type=\"column\" data-e-type=\"column\" data-settings=\"{&quot;background_background&quot;:&quot;gradient&quot;,&quot;animation&quot;:&quot;fadeInUp&quot;}\">\r\n        <div class=\"elementor-widget-wrap elementor-element-populated\">\r\n                                <div class=\"elementor-background-overlay\"><\/div>\r\n         \r\n        \t\t<div class=\"elementor-element elementor-element-cd2f454 elementor-widget elementor-widget-pxl_heading\" data-id=\"cd2f454\" data-element_type=\"widget\" data-e-type=\"widget\" data-widget_type=\"pxl_heading.default\">\n\t\t\t\t<div class=\"elementor-widget-container\">\n\t\t\t\t\t\n<div id=\"pxl-pxl_heading-cd2f454-5310\" class=\"pxl-heading px-sub-title-default-style\">\n\t<div class=\"pxl-heading--inner\">\n\t\t\n\t\t<h3 class=\"pxl-item--title style-default  highlight-default\" data-wow-delay=\"ms\">\n\t\t\t\t\tNuestra ubicaci\u00f3n\t\n\t\t\t\n\t\t<\/h3>\n\t\t\n\t<\/div>\n<\/div>\t\t\t\t<\/div>\n\t\t\t\t<\/div>\n\t\t\t\t<div class=\"elementor-element elementor-element-f8c5d06 elementor-widget__width-auto elementor-absolute elementor-widget elementor-widget-pxl_icon\" data-id=\"f8c5d06\" data-element_type=\"widget\" data-e-type=\"widget\" data-settings=\"{&quot;_position&quot;:&quot;absolute&quot;}\" data-widget_type=\"pxl_icon.default\">\n\t\t\t\t<div class=\"elementor-widget-container\">\n\t\t\t\t\t    <div class=\"pxl-icon-list pxl-icon1  style-1\" data-wow-delay=\"ms\">\r\n                                    <a class=\"elementor-repeater-item-dbea64c\" >\r\n                                        <svg xmlns=\"http:\/\/www.w3.org\/2000\/svg\" width=\"32\" height=\"32\" fill=\"#000000\" viewbox=\"0 0 256 256\"><path d=\"M228.92,49.69a8,8,0,0,0-6.86-1.45L160.93,63.52,99.58,32.84a8,8,0,0,0-5.52-.6l-64,16A8,8,0,0,0,24,56V200a8,8,0,0,0,9.94,7.76l61.13-15.28,61.35,30.68A8.15,8.15,0,0,0,160,224a8,8,0,0,0,1.94-.24l64-16A8,8,0,0,0,232,200V56A8,8,0,0,0,228.92,49.69ZM104,52.94l48,24V203.06l-48-24ZM40,62.25l48-12v127.5l-48,12Zm176,131.5-48,12V78.25l48-12Z\"><\/path><\/svg>                                                        <\/a>\r\n                        <\/div>\r\n    \t\t\t\t<\/div>\n\t\t\t\t<\/div>\n\t\t\t\t<div class=\"elementor-element elementor-element-eca559d elementor-widget__width-auto elementor-widget elementor-widget-pxl_text_editor\" data-id=\"eca559d\" data-element_type=\"widget\" data-e-type=\"widget\" data-widget_type=\"pxl_text_editor.default\">\n\t\t\t\t<div class=\"elementor-widget-container\">\n\t\t\t\t\t<div class=\"pxl-text-editor default\">\n\t<div class=\"pxl-item--inner\" data-wow-delay=\"ms\">\n\t\t<p>Convenientemente ubicado en el coraz\u00f3n de Miami, Hidalgo TMS Servicios Psiqui\u00e1tricos ofrece f\u00e1cil acceso a atenci\u00f3n de salud mental compasiva e innovadora. Vis\u00edtenos para recibir apoyo personalizado en un ambiente acogedor.<\/p>\t\t\n\t<\/div>\n<\/div>\t\t\t\t<\/div>\n\t\t\t\t<\/div>\n\t\t\t\t<div class=\"elementor-element elementor-element-b249f34 elementor-align-center ft-gt pxl-icon-list  elementor-widget elementor-widget-pxl_button\" data-id=\"b249f34\" data-element_type=\"widget\" data-e-type=\"widget\" data-widget_type=\"pxl_button.default\">\n\t\t\t\t<div class=\"elementor-widget-container\">\n\t\t\t\t\t<div id=\"pxl-pxl_button-b249f34-1373\" class=\"pxl-button pxl-atc-link\" data-wow-delay=\"ms\">\r\n    <a href=\"https:\/\/g.co\/kgs\/E4tcuxE\" class=\"btn  btn-glossy btn-default  full justify-sb pxl-icon--right\" data-wow-delay=\"ms\" data-target=\".pxl-page-popup-template-0\">\r\n                    <i aria-hidden=\"true\" class=\"flaticon flaticon-right-arrow-1\"><\/i>                        <span class=\"pxl--btn-text\" data-text=\"Visit Us Today\">\r\n                        Vis\u00edtenos hoy        <\/span>\r\n    <\/a>\r\n<\/div>\t\t\t\t<\/div>\n\t\t\t\t<\/div>\n\t\t            <\/div>\r\n        <\/div>\r\n        \t\t\t<\/div>\n\t\t<\/section>\n\t\t            <\/div>\r\n        <\/div>\r\n        \t\t\t<\/div>\n\t\t<\/section>\n\t\t\t\t<\/div>","protected":false},"excerpt":{"rendered":"<p>Our team will review your request and get back to you as soon as possible. In the meantime, feel free to explore our website or call us for any urgent needs. Schedule Hours Monday \u2013 Friday 08:30am &#8211; 05:30pm Saturday &#8211; Sunday Closed More info Our Location Conveniently located in the heart of Miami, Hidalgo [&hellip;]<\/p>\n","protected":false},"author":1,"featured_media":0,"parent":0,"menu_order":0,"comment_status":"closed","ping_status":"closed","template":"elementor_header_footer","meta":{"footnotes":""},"class_list":["post-11692","page","type-page","status-publish","hentry"],"yoast_head":"<!-- This site is optimized with the Yoast SEO Premium plugin v23.8 (Yoast SEO v27.4) - https:\/\/yoast.com\/product\/yoast-seo-premium-wordpress\/ -->\n<title>Thank You - Hidalgo TMS Psychiatric Services<\/title>\n<meta name=\"robots\" content=\"index, follow, max-snippet:-1, max-image-preview:large, max-video-preview:-1\" \/>\n<link rel=\"canonical\" href=\"https:\/\/hidalgopsychiatry.com\/es\/gracias\/\" \/>\n<meta property=\"og:locale\" content=\"es_ES\" \/>\n<meta property=\"og:type\" content=\"article\" \/>\n<meta property=\"og:title\" content=\"Thank You\" \/>\n<meta property=\"og:description\" content=\"Our team will review your request and get back to you as soon as possible. In the meantime, feel free to explore our website or call us for any urgent needs. Schedule Hours Monday \u2013 Friday 08:30am &#8211; 05:30pm Saturday &#8211; Sunday Closed More info Our Location Conveniently located in the heart of Miami, Hidalgo [&hellip;]\" \/>\n<meta property=\"og:url\" content=\"https:\/\/hidalgopsychiatry.com\/es\/gracias\/\" \/>\n<meta property=\"og:site_name\" content=\"Hidalgo TMS Psychiatric Services\" \/>\n<meta property=\"article:publisher\" content=\"https:\/\/www.facebook.com\/301341186404775?ref=PROFILE_EDIT_xav_ig_profile_page_web\" \/>\n<meta property=\"article:modified_time\" content=\"2026-03-08T11:37:56+00:00\" \/>\n<meta name=\"twitter:card\" content=\"summary_large_image\" \/>\n<meta name=\"twitter:label1\" content=\"Tiempo de lectura\" \/>\n\t<meta name=\"twitter:data1\" content=\"1 minuto\" \/>\n<script type=\"application\/ld+json\" class=\"yoast-schema-graph\">{\"@context\":\"https:\\\/\\\/schema.org\",\"@graph\":[{\"@type\":\"WebPage\",\"@id\":\"https:\\\/\\\/hidalgopsychiatry.com\\\/thank-you\\\/\",\"url\":\"https:\\\/\\\/hidalgopsychiatry.com\\\/thank-you\\\/\",\"name\":\"Thank You - Hidalgo TMS Psychiatric Services\",\"isPartOf\":{\"@id\":\"https:\\\/\\\/hidalgopsychiatry.com\\\/#website\"},\"datePublished\":\"2025-05-06T18:15:51+00:00\",\"dateModified\":\"2026-03-08T11:37:56+00:00\",\"breadcrumb\":{\"@id\":\"https:\\\/\\\/hidalgopsychiatry.com\\\/thank-you\\\/#breadcrumb\"},\"inLanguage\":\"es\",\"potentialAction\":[{\"@type\":\"ReadAction\",\"target\":[\"https:\\\/\\\/hidalgopsychiatry.com\\\/thank-you\\\/\"]}]},{\"@type\":\"BreadcrumbList\",\"@id\":\"https:\\\/\\\/hidalgopsychiatry.com\\\/thank-you\\\/#breadcrumb\",\"itemListElement\":[{\"@type\":\"ListItem\",\"position\":1,\"name\":\"Home\",\"item\":\"https:\\\/\\\/hidalgopsychiatry.com\\\/\"},{\"@type\":\"ListItem\",\"position\":2,\"name\":\"Thank You\"}]},{\"@type\":\"WebSite\",\"@id\":\"https:\\\/\\\/hidalgopsychiatry.com\\\/#website\",\"url\":\"https:\\\/\\\/hidalgopsychiatry.com\\\/\",\"name\":\"Hidalgo TMS Psychiatric Services\",\"description\":\"Discover compassionate mental health care and effective TMS Therapy at Hidalgo TMS Psychiatric Services in Miami. Schedule your consultation today\",\"publisher\":{\"@id\":\"https:\\\/\\\/hidalgopsychiatry.com\\\/#organization\"},\"potentialAction\":[{\"@type\":\"SearchAction\",\"target\":{\"@type\":\"EntryPoint\",\"urlTemplate\":\"https:\\\/\\\/hidalgopsychiatry.com\\\/?s={search_term_string}\"},\"query-input\":{\"@type\":\"PropertyValueSpecification\",\"valueRequired\":true,\"valueName\":\"search_term_string\"}}],\"inLanguage\":\"es\"},{\"@type\":\"Organization\",\"@id\":\"https:\\\/\\\/hidalgopsychiatry.com\\\/#organization\",\"name\":\"Hidalgo TMS Psychiatric Services\",\"alternateName\":\"Hidalgo Psychiatry\",\"url\":\"https:\\\/\\\/hidalgopsychiatry.com\\\/\",\"logo\":{\"@type\":\"ImageObject\",\"inLanguage\":\"es\",\"@id\":\"https:\\\/\\\/hidalgopsychiatry.com\\\/#\\\/schema\\\/logo\\\/image\\\/\",\"url\":\"https:\\\/\\\/hidalgopsychiatry.com\\\/wp-content\\\/uploads\\\/2024\\\/10\\\/cropped-Diseno-sin-titulo-2.png\",\"contentUrl\":\"https:\\\/\\\/hidalgopsychiatry.com\\\/wp-content\\\/uploads\\\/2024\\\/10\\\/cropped-Diseno-sin-titulo-2.png\",\"width\":307,\"height\":325,\"caption\":\"Hidalgo TMS Psychiatric Services\"},\"image\":{\"@id\":\"https:\\\/\\\/hidalgopsychiatry.com\\\/#\\\/schema\\\/logo\\\/image\\\/\"},\"sameAs\":[\"https:\\\/\\\/www.facebook.com\\\/301341186404775?ref=PROFILE_EDIT_xav_ig_profile_page_web\",\"https:\\\/\\\/www.instagram.com\\\/hidalgo_tms_psychiatric_svcs\\\/\"],\"description\":\"Hidalgo TMS is a premier psychiatric clinic in Miami, FL, specializing in advanced treatments for treatment-resistant mental health conditions. Led by Dr. Alen Hidalgo, the clinic provides innovative therapies such as Transcranial Magnetic Stimulation (TMS) and Spravato (Esketamine) for depression, OCD, and anxiety, ensuring personalized and evidence-based psychiatric care.\",\"email\":\"info@hidalgopsychiatry.com\",\"telephone\":\"+1 (305) 459-3207\",\"legalName\":\"Hidalgo TMS Psychiatric Services LLC\",\"foundingDate\":\"2024-06-24\",\"naics\":\"621112\",\"numberOfEmployees\":{\"@type\":\"QuantitativeValue\",\"minValue\":\"1\",\"maxValue\":\"10\"}}]}<\/script>\n<!-- \/ Yoast SEO Premium plugin. -->","yoast_head_json":{"title":"Gracias - Servicios Psiqui\u00e1tricos Hidalgo TMS","robots":{"index":"index","follow":"follow","max-snippet":"max-snippet:-1","max-image-preview":"max-image-preview:large","max-video-preview":"max-video-preview:-1"},"canonical":"https:\/\/hidalgopsychiatry.com\/es\/gracias\/","og_locale":"es_ES","og_type":"article","og_title":"Thank You","og_description":"Our team will review your request and get back to you as soon as possible. In the meantime, feel free to explore our website or call us for any urgent needs. Schedule Hours Monday \u2013 Friday 08:30am &#8211; 05:30pm Saturday &#8211; Sunday Closed More info Our Location Conveniently located in the heart of Miami, Hidalgo [&hellip;]","og_url":"https:\/\/hidalgopsychiatry.com\/es\/gracias\/","og_site_name":"Hidalgo TMS Psychiatric Services","article_publisher":"https:\/\/www.facebook.com\/301341186404775?ref=PROFILE_EDIT_xav_ig_profile_page_web","article_modified_time":"2026-03-08T11:37:56+00:00","twitter_card":"summary_large_image","twitter_misc":{"Tiempo de lectura":"1 minuto"},"schema":{"@context":"https:\/\/schema.org","@graph":[{"@type":"WebPage","@id":"https:\/\/hidalgopsychiatry.com\/thank-you\/","url":"https:\/\/hidalgopsychiatry.com\/thank-you\/","name":"Gracias - Servicios Psiqui\u00e1tricos Hidalgo TMS","isPartOf":{"@id":"https:\/\/hidalgopsychiatry.com\/#website"},"datePublished":"2025-05-06T18:15:51+00:00","dateModified":"2026-03-08T11:37:56+00:00","breadcrumb":{"@id":"https:\/\/hidalgopsychiatry.com\/thank-you\/#breadcrumb"},"inLanguage":"es","potentialAction":[{"@type":"ReadAction","target":["https:\/\/hidalgopsychiatry.com\/thank-you\/"]}]},{"@type":"BreadcrumbList","@id":"https:\/\/hidalgopsychiatry.com\/thank-you\/#breadcrumb","itemListElement":[{"@type":"ListItem","position":1,"name":"Home","item":"https:\/\/hidalgopsychiatry.com\/"},{"@type":"ListItem","position":2,"name":"Thank You"}]},{"@type":"WebSite","@id":"https:\/\/hidalgopsychiatry.com\/#website","url":"https:\/\/hidalgopsychiatry.com\/","name":"Servicios Psiqui\u00e1tricos TMS Hidalgo","description":"Descubra la atenci\u00f3n compasiva en salud mental y la terapia EMT eficaz en Hidalgo TMS Psychiatric Services en Miami. Programe su consulta hoy mismo.","publisher":{"@id":"https:\/\/hidalgopsychiatry.com\/#organization"},"potentialAction":[{"@type":"SearchAction","target":{"@type":"EntryPoint","urlTemplate":"https:\/\/hidalgopsychiatry.com\/?s={search_term_string}"},"query-input":{"@type":"PropertyValueSpecification","valueRequired":true,"valueName":"search_term_string"}}],"inLanguage":"es"},{"@type":"Organization","@id":"https:\/\/hidalgopsychiatry.com\/#organization","name":"Servicios Psiqui\u00e1tricos TMS Hidalgo","alternateName":"Hidalgo Psychiatry","url":"https:\/\/hidalgopsychiatry.com\/","logo":{"@type":"ImageObject","inLanguage":"es","@id":"https:\/\/hidalgopsychiatry.com\/#\/schema\/logo\/image\/","url":"https:\/\/hidalgopsychiatry.com\/wp-content\/uploads\/2024\/10\/cropped-Diseno-sin-titulo-2.png","contentUrl":"https:\/\/hidalgopsychiatry.com\/wp-content\/uploads\/2024\/10\/cropped-Diseno-sin-titulo-2.png","width":307,"height":325,"caption":"Hidalgo TMS Psychiatric Services"},"image":{"@id":"https:\/\/hidalgopsychiatry.com\/#\/schema\/logo\/image\/"},"sameAs":["https:\/\/www.facebook.com\/301341186404775?ref=PROFILE_EDIT_xav_ig_profile_page_web","https:\/\/www.instagram.com\/hidalgo_tms_psychiatric_svcs\/"],"description":"Hidalgo TMS es una cl\u00ednica psiqui\u00e1trica de primer nivel en Miami, Florida, especializada en tratamientos avanzados para trastornos de salud mental resistentes al tratamiento. Dirigida por el Dr. Alen Hidalgo, la cl\u00ednica ofrece terapias innovadoras como la estimulaci\u00f3n magn\u00e9tica transcraneal (EMT) y Spravato (esketamina) para la depresi\u00f3n, el trastorno obsesivo-compulsivo (TOC) y la ansiedad, garantizando una atenci\u00f3n psiqui\u00e1trica personalizada y basada en la evidencia.","email":"info@hidalgopsychiatry.com","telephone":"+1 (305) 459-3207","legalName":"Hidalgo TMS Psychiatric Services LLC","foundingDate":"2024-06-24","naics":"621112","numberOfEmployees":{"@type":"QuantitativeValue","minValue":"1","maxValue":"10"}}]}},"_links":{"self":[{"href":"https:\/\/hidalgopsychiatry.com\/es\/wp-json\/wp\/v2\/pages\/11692","targetHints":{"allow":["GET"]}}],"collection":[{"href":"https:\/\/hidalgopsychiatry.com\/es\/wp-json\/wp\/v2\/pages"}],"about":[{"href":"https:\/\/hidalgopsychiatry.com\/es\/wp-json\/wp\/v2\/types\/page"}],"author":[{"embeddable":true,"href":"https:\/\/hidalgopsychiatry.com\/es\/wp-json\/wp\/v2\/users\/1"}],"replies":[{"embeddable":true,"href":"https:\/\/hidalgopsychiatry.com\/es\/wp-json\/wp\/v2\/comments?post=11692"}],"version-history":[{"count":0,"href":"https:\/\/hidalgopsychiatry.com\/es\/wp-json\/wp\/v2\/pages\/11692\/revisions"}],"wp:attachment":[{"href":"https:\/\/hidalgopsychiatry.com\/es\/wp-json\/wp\/v2\/media?parent=11692"}],"curies":[{"name":"wp","href":"https:\/\/api.w.org\/{rel}","templated":true}]}}