{"id":11153,"date":"2024-12-25T17:18:06","date_gmt":"2024-12-25T17:18:06","guid":{"rendered":"https:\/\/hidalgopsychiatry.com\/?page_id=11153"},"modified":"2025-11-07T19:29:13","modified_gmt":"2025-11-07T19:29:13","slug":"condiciones-de-uso","status":"publish","type":"page","link":"https:\/\/hidalgopsychiatry.com\/es\/condiciones-de-uso\/","title":{"rendered":"Condiciones de uso"},"content":{"rendered":"<div data-elementor-type=\"wp-page\" data-elementor-id=\"11153\" class=\"elementor elementor-11153\" data-elementor-post-type=\"page\">\n\t\t\t\t        <section class=\"elementor-section elementor-top-section elementor-element elementor-element-34d533a elementor-section-stretched elementor-section-boxed elementor-section-height-default elementor-section-height-default pxl-row-scroll-none pxl-zoom-point-false pxl-section-overflow-visible pxl-section-fix-none pxl-bg-color-none pxl-section-overlay-none\" data-id=\"34d533a\" data-element_type=\"section\" data-e-type=\"section\" data-settings=\"{&quot;stretch_section&quot;:&quot;section-stretched&quot;}\">\n\n                \n                <div class=\"elementor-container elementor-column-gap-extended\">\n                <div class=\"elementor-column elementor-col-100 elementor-top-column elementor-element elementor-element-cd2da59 pxl-column-none\" data-id=\"cd2da59\" data-element_type=\"column\" data-e-type=\"column\" data-settings=\"{&quot;background_background&quot;:&quot;classic&quot;}\">\r\n        <div class=\"elementor-widget-wrap elementor-element-populated\">\r\n                                <div class=\"elementor-background-overlay\"><\/div>\r\n         \r\n                <section class=\"elementor-section elementor-inner-section elementor-element elementor-element-28e68da elementor-section-content-bottom elementor-section-boxed elementor-section-height-default elementor-section-height-default pxl-row-scroll-none pxl-zoom-point-false pxl-section-overflow-visible pxl-section-fix-none pxl-bg-color-none pxl-section-overlay-none\" data-id=\"28e68da\" data-element_type=\"section\" data-e-type=\"section\">\n\n                \n                <div class=\"elementor-container elementor-column-gap-extended\">\n                <div class=\"elementor-column elementor-col-50 elementor-inner-column elementor-element elementor-element-36733fa pxl-column-none pxl-column-overflow-hidden-no\" data-id=\"36733fa\" data-element_type=\"column\" data-e-type=\"column\">\r\n        <div class=\"elementor-widget-wrap elementor-element-populated\">\r\n                     \r\n        \t\t<div class=\"elementor-element elementor-element-1279881 elementor-widget__width-auto elementor-widget elementor-widget-pxl_heading\" data-id=\"1279881\" data-element_type=\"widget\" data-e-type=\"widget\" data-widget_type=\"pxl_heading.default\">\n\t\t\t\t<div class=\"elementor-widget-container\">\n\t\t\t\t\t\n<div id=\"pxl-pxl_heading-1279881-7875\" class=\"pxl-heading px-sub-title-default-style\">\n\t<div class=\"pxl-heading--inner\">\n\t\t\n\t\t<h3 class=\"pxl-item--title style-default  highlight-default\" data-wow-delay=\"ms\">\n\t\t\t\t\tCondiciones de uso\t\n\t\t\t\n\t\t<\/h3>\n\t\t\n\t<\/div>\n<\/div>\t\t\t\t<\/div>\n\t\t\t\t<\/div>\n\t\t            <\/div>\r\n        <\/div>\r\n                <div class=\"elementor-column elementor-col-50 elementor-inner-column elementor-element elementor-element-848aeb4 pxl-column-none pxl-column-overflow-hidden-no\" data-id=\"848aeb4\" data-element_type=\"column\" data-e-type=\"column\">\r\n        <div class=\"elementor-widget-wrap elementor-element-populated\">\r\n                     \r\n        \t\t<div class=\"elementor-element elementor-element-fdc4ced elementor-widget__width-auto elementor-widget elementor-widget-pxl_breadcrumb\" data-id=\"fdc4ced\" data-element_type=\"widget\" data-e-type=\"widget\" data-widget_type=\"pxl_breadcrumb.default\">\n\t\t\t\t<div class=\"elementor-widget-container\">\n\t\t\t\t\t<div class=\"pxl-breadcrumb-wrap\">\n\t<ul class=\"pxl-breadcrumb\"><li><span class=\"breadcrumb-entry\">Terapia TMS de primera categor\u00eda y atenci\u00f3n de salud mental en Miami<\/span><\/li><\/ul><\/div>\t\t\t\t<\/div>\n\t\t\t\t<\/div>\n\t\t            <\/div>\r\n        <\/div>\r\n        \t\t\t<\/div>\n\t\t<\/section>\n\t\t            <\/div>\r\n        <\/div>\r\n        \t\t\t<\/div>\n\t\t<\/section>\n\t\t        <section class=\"elementor-section elementor-top-section elementor-element elementor-element-8840acd elementor-section-stretched elementor-section-boxed elementor-section-height-default elementor-section-height-default pxl-row-scroll-none pxl-zoom-point-false pxl-section-overflow-visible pxl-section-fix-none pxl-bg-color-none pxl-section-overlay-none\" data-id=\"8840acd\" data-element_type=\"section\" data-e-type=\"section\" data-settings=\"{&quot;stretch_section&quot;:&quot;section-stretched&quot;}\">\n\n                \n                <div class=\"elementor-container elementor-column-gap-extended\">\n                <div class=\"elementor-column elementor-col-100 elementor-top-column elementor-element elementor-element-b86f428 pxl-column-none\" data-id=\"b86f428\" data-element_type=\"column\" data-e-type=\"column\">\r\n        <div class=\"elementor-widget-wrap elementor-element-populated\">\r\n                                <div class=\"elementor-background-overlay\"><\/div>\r\n         \r\n                <section class=\"elementor-section elementor-inner-section elementor-element elementor-element-633996a elementor-section-content-middle elementor-section-boxed elementor-section-height-default elementor-section-height-default pxl-row-scroll-none pxl-zoom-point-false pxl-section-overflow-visible pxl-section-fix-none pxl-bg-color-none pxl-section-overlay-none\" data-id=\"633996a\" data-element_type=\"section\" data-e-type=\"section\">\n\n                \n                <div class=\"elementor-container elementor-column-gap-extended\">\n                <div class=\"elementor-column elementor-col-50 elementor-inner-column elementor-element elementor-element-0aeac1a pxl-column-none pxl-column-overflow-hidden-no\" data-id=\"0aeac1a\" data-element_type=\"column\" data-e-type=\"column\">\r\n        <div class=\"elementor-widget-wrap elementor-element-populated\">\r\n                     \r\n        \t\t<div class=\"elementor-element elementor-element-355e58b elementor-widget elementor-widget-pxl_text_editor\" data-id=\"355e58b\" data-element_type=\"widget\" data-e-type=\"widget\" data-widget_type=\"pxl_text_editor.default\">\n\t\t\t\t<div class=\"elementor-widget-container\">\n\t\t\t\t\t<div class=\"pxl-text-editor default\">\n\t<div class=\"pxl-item--inner  ft-gt\" data-wow-delay=\"ms\">\n\t\t<p>Al acceder y utilizar los servicios de <strong>Psiquiatr\u00eda Hidalgo<\/strong>, Al utilizar nuestros servicios, usted acepta cumplir con nuestros T\u00e9rminos de uso. Por favor, revise estos documentos detenidamente y, si tiene alguna pregunta, no dude en contactarnos.<\/p>\t\t\n\t<\/div>\n<\/div>\t\t\t\t<\/div>\n\t\t\t\t<\/div>\n\t\t            <\/div>\r\n        <\/div>\r\n                <div class=\"elementor-column elementor-col-50 elementor-inner-column elementor-element elementor-element-c8f13de pxl-column-none pxl-column-overflow-hidden-no\" data-id=\"c8f13de\" data-element_type=\"column\" data-e-type=\"column\">\r\n        <div class=\"elementor-widget-wrap elementor-element-populated\">\r\n                     \r\n        \t\t<div class=\"elementor-element elementor-element-c6b0af9 elementor-widget__width-auto ft-gt elementor-widget elementor-widget-pxl_icon_box\" data-id=\"c6b0af9\" data-element_type=\"widget\" data-e-type=\"widget\" data-widget_type=\"pxl_icon_box.default\">\n\t\t\t\t<div class=\"elementor-widget-container\">\n\t\t\t\t\t<div class=\"pxl-icon-box pxl-icon-box1 style-2 ani3\" data-wow-delay=\"ms\">\r\n    <div class=\"pxl-item--inner\">\r\n        \r\n                            <div class=\"pxl-item--icon\">\r\n                                    <svg xmlns=\"http:\/\/www.w3.org\/2000\/svg\" width=\"32\" height=\"32\" fill=\"#000000\" viewbox=\"0 0 256 256\"><path d=\"M152,96V56a8,8,0,0,1,16,0V76.69l34.34-34.35a8,8,0,0,1,11.32,11.32L179.32,88H200a8,8,0,0,1,0,16H160A8,8,0,0,1,152,96Zm79.88,79.08A56.26,56.26,0,0,1,176,224C96.6,224,32,159.4,32,80A56.24,56.24,0,0,1,80.92,24.13a16,16,0,0,1,16.62,9.51l21.12,47.15,0,.12A16,16,0,0,1,117.39,96c-.18.27-.37.52-.57.77L96,121.45c7.49,15.22,23.41,31,38.83,38.51l24.34-20.71a8.12,8.12,0,0,1,.75-.56,16,16,0,0,1,15.17-1.4l.13.06,47.11,21.11A16,16,0,0,1,231.88,175.08Zm-15.88-2s-.07,0-.11,0h0l-47-21.05-24.35,20.71a6.84,6.84,0,0,1-.74.56,16,16,0,0,1-15.75,1.14c-18.73-9.05-37.4-27.58-46.46-46.11a16,16,0,0,1,1-15.7,6.13,6.13,0,0,1,.57-.77L104,87.15l-21-47a.61.61,0,0,1,0-.12A40.2,40.2,0,0,0,48,80,128.14,128.14,0,0,0,176,208,40.21,40.21,0,0,0,216,173.07Z\"><\/path><\/svg>                                <\/div>\r\n                        <div class=\"pxl-item--meta\">\r\n            <h5 class=\"pxl-item--title el-empty\">\r\n                        \u00a1Ll\u00e1manos cuando necesites ayuda!                        <\/h5>\r\n            <div class=\"pxl-item--description el-empty\"><a href=\"tel:+13054593207\" style=\"color: #051B2E !important; text-decoration: none;\">Soporte: +1 (305) 459-3207<\/a>\n<\/div>\r\n        <\/div>\r\n    <\/div>\r\n<\/div>\t\t\t\t<\/div>\n\t\t\t\t<\/div>\n\t\t            <\/div>\r\n        <\/div>\r\n        \t\t\t<\/div>\n\t\t<\/section>\n\t\t            <\/div>\r\n        <\/div>\r\n        \t\t\t<\/div>\n\t\t<\/section>\n\t\t        <section class=\"elementor-section elementor-top-section elementor-element elementor-element-1ec7391 elementor-section-stretched pxl-row-scroll-fixed elementor-section-boxed elementor-section-height-default elementor-section-height-default pxl-zoom-point-false pxl-section-overflow-visible pxl-section-fix-none pxl-bg-color-none pxl-section-overlay-none\" data-id=\"1ec7391\" data-element_type=\"section\" data-e-type=\"section\" data-settings=\"{&quot;stretch_section&quot;:&quot;section-stretched&quot;}\">\n\n                \n                <div class=\"elementor-container elementor-column-gap-extended\">\n                <div class=\"elementor-column elementor-col-100 elementor-top-column elementor-element elementor-element-d641708 pxl-column-none pxl-column-overflow-hidden-no\" data-id=\"d641708\" data-element_type=\"column\" data-e-type=\"column\">\r\n        <div class=\"elementor-widget-wrap elementor-element-populated\">\r\n                     \r\n        \t\t<div class=\"elementor-element elementor-element-f259a87 elementor-widget elementor-widget-text-editor\" data-id=\"f259a87\" data-element_type=\"widget\" data-e-type=\"widget\" data-widget_type=\"text-editor.default\">\n\t\t\t\t\t\t\t\t\t<p><strong>Fecha de entrada en vigor<\/strong>:26 de noviembre de 2024<br \/><strong>\u00daltima actualizaci\u00f3n<\/strong>:26 de noviembre de 2024<\/p><h3>1. Aceptaci\u00f3n de los T\u00e9rminos<\/h3><p>\u00a0<\/p><p>Al acceder o utilizar el sitio web de Hidalgo Psychiatry (el \u201cSitio\u201d), usted acepta regirse por estos T\u00e9rminos de uso y reconoce haber le\u00eddo y comprendido nuestro Aviso de pr\u00e1cticas de privacidad conforme a la HIPAA. Si no est\u00e1 de acuerdo con estos t\u00e9rminos, no debe utilizar el Sitio.<\/p><p>\u00a0<\/p><h3>2. Esto no constituye asesoramiento m\u00e9dico (Descargo de responsabilidad)<\/h3><p>\u00a0<\/p><p><b>EL CONTENIDO DE ESTE SITIO WEB TIENE \u00daNICAMENTE FINES INFORMATIVOS Y NO CONSTITUYE ASESORAMIENTO M\u00c9DICO.<\/b><\/p><p>La informaci\u00f3n proporcionada en este sitio web no sustituye el consejo, diagn\u00f3stico o tratamiento m\u00e9dico profesional. Es fundamental consultar con un profesional de la salud calificado para sus necesidades psiqui\u00e1tricas o m\u00e9dicas espec\u00edficas.<\/p><ul><li><p><b>No<\/b> No ignore el consejo m\u00e9dico profesional ni retrase la b\u00fasqueda de atenci\u00f3n m\u00e9dica debido a nada de lo que haya le\u00eddo en este sitio.<\/p><\/li><li><p><b>Si est\u00e1 experimentando una emergencia m\u00e9dica o psiqui\u00e1trica, llame al 911 de inmediato.<\/b><\/p><\/li><\/ul><p>\u00a0<\/p><h3>3. No existe relaci\u00f3n m\u00e9dico-paciente.<\/h3><p>\u00a0<\/p><p>El uso de este sitio web, incluyendo el llenado de formularios de contacto, no crea una relaci\u00f3n m\u00e9dico-paciente entre usted y Hidalgo Psychiatry. Dicha relaci\u00f3n profesional solo se establece mediante un proceso contractual formal dentro de la cl\u00ednica.<\/p><p>\u00a0<\/p><h3>4. Uso del sitio<\/h3><p>\u00a0<\/p><p>Usted acepta utilizar este sitio web \u00fanicamente con fines l\u00edcitos y no comerciales. Se le proh\u00edbe:<\/p><ul><li><p>Intentar obtener acceso no autorizado a nuestros sistemas o portales de pacientes.<\/p><\/li><li><p>Utilizar el Sitio para cargar o distribuir virus, malware u otro c\u00f3digo malicioso.<\/p><\/li><li><p>Interferir con el funcionamiento del Sitio.<\/p><\/li><\/ul><p>\u00a0<\/p><h3>5. Limitaci\u00f3n de responsabilidad<\/h3><p>\u00a0<\/p><p>Hidalgo Psychiatry, sus m\u00e9dicos, directivos y empleados no ser\u00e1n responsables de ning\u00fan da\u00f1o (incluidos, entre otros, da\u00f1os directos, indirectos, incidentales o consecuenciales) que surja del uso de este sitio web o de la imposibilidad de usarlo. El sitio web se proporciona \u201ctal cual\u201d y \u201cseg\u00fan disponibilidad\u201d.<\/p><p>\u00a0<\/p><h3>6. Propiedad intelectual<\/h3><p>\u00a0<\/p><p>Todo el contenido de este sitio web, incluidos textos, gr\u00e1ficos, logotipos y elementos de dise\u00f1o, es propiedad de Hidalgo Psychiatry y est\u00e1 protegido por las leyes de derechos de autor y propiedad intelectual.<\/p><p>\u00a0<\/p><h3>7. Ley aplicable<\/h3><p>\u00a0<\/p><p>Estos T\u00e9rminos de Uso se regir\u00e1n e interpretar\u00e1n de conformidad con las leyes del Estado de Florida, EE. UU., sin tener en cuenta sus principios de conflicto de leyes.<\/p><p>\u00a0<\/p><h3>8. Informaci\u00f3n de contacto<\/h3><p>\u00a0<\/p><p>Si tiene preguntas sobre estos <b>Condiciones de uso del sitio web<\/b>, Por favor, p\u00f3ngase en contacto con nosotros:<\/p><ul><li><p><b>Correo electr\u00f3nico:<\/b> <code>info@hidalgopsychiatry.com<\/code><\/p><\/li><li><p><b>DIRECCI\u00d3N:<\/b> 2460 SW 137th Ave #250, Miami, FL 33175, Estados Unidos<\/p><\/li><\/ul>\t\t\t\t\t\t\t\t<\/div>\n\t\t            <\/div>\r\n        <\/div>\r\n        \t\t\t<\/div>\n\t\t<\/section>\n\t\t\t\t<\/div>","protected":false},"excerpt":{"rendered":"<p>Terms of Use | Privacy Policy Home By accessing and using the services of Hidalgo Psychiatry, you agree to comply with our Terms of Use. Please review these documents carefully, and if you have any questions, feel free to contact us. Call Us when you Need Help! Support: +1 (305) 459-3207 Effective Date: November 26, [&hellip;]<\/p>\n","protected":false},"author":1,"featured_media":0,"parent":0,"menu_order":0,"comment_status":"closed","ping_status":"closed","template":"elementor_header_footer","meta":{"footnotes":""},"class_list":["post-11153","page","type-page","status-publish","hentry"],"yoast_head":"<!-- This site is optimized with the Yoast SEO Premium plugin v23.8 (Yoast SEO v27.4) - https:\/\/yoast.com\/product\/yoast-seo-premium-wordpress\/ -->\n<title>Terms of Use - Hidalgo TMS Psychiatric Services<\/title>\n<meta name=\"description\" content=\"Read the official Terms of Use for the Hidalgo TMS Psychiatry Services website, including the medical disclaimer, legal notices, and general usage policies.\" \/>\n<meta name=\"robots\" content=\"index, follow, max-snippet:-1, max-image-preview:large, max-video-preview:-1\" \/>\n<link rel=\"canonical\" href=\"https:\/\/hidalgopsychiatry.com\/es\/condiciones-de-uso\/\" \/>\n<meta property=\"og:locale\" content=\"es_ES\" \/>\n<meta property=\"og:type\" content=\"article\" \/>\n<meta property=\"og:title\" content=\"Terms of Use\" \/>\n<meta property=\"og:description\" content=\"Read the official Terms of Use for the Hidalgo TMS Psychiatry Services website, including the medical disclaimer, legal notices, and general usage policies.\" \/>\n<meta property=\"og:url\" content=\"https:\/\/hidalgopsychiatry.com\/es\/condiciones-de-uso\/\" \/>\n<meta property=\"og:site_name\" content=\"Hidalgo TMS Psychiatric Services\" \/>\n<meta property=\"article:publisher\" content=\"https:\/\/www.facebook.com\/301341186404775?ref=PROFILE_EDIT_xav_ig_profile_page_web\" \/>\n<meta property=\"article:modified_time\" content=\"2025-11-07T19:29:13+00:00\" \/>\n<meta name=\"twitter:card\" content=\"summary_large_image\" \/>\n<meta name=\"twitter:label1\" content=\"Tiempo de lectura\" \/>\n\t<meta name=\"twitter:data1\" content=\"2 minutos\" \/>\n<script type=\"application\/ld+json\" class=\"yoast-schema-graph\">{\"@context\":\"https:\\\/\\\/schema.org\",\"@graph\":[{\"@type\":\"WebPage\",\"@id\":\"https:\\\/\\\/hidalgopsychiatry.com\\\/terms-of-use\\\/\",\"url\":\"https:\\\/\\\/hidalgopsychiatry.com\\\/terms-of-use\\\/\",\"name\":\"Terms of Use - Hidalgo TMS Psychiatric Services\",\"isPartOf\":{\"@id\":\"https:\\\/\\\/hidalgopsychiatry.com\\\/#website\"},\"datePublished\":\"2024-12-25T17:18:06+00:00\",\"dateModified\":\"2025-11-07T19:29:13+00:00\",\"description\":\"Read the official Terms of Use for the Hidalgo TMS Psychiatry Services website, including the medical disclaimer, legal notices, and general usage policies.\",\"breadcrumb\":{\"@id\":\"https:\\\/\\\/hidalgopsychiatry.com\\\/terms-of-use\\\/#breadcrumb\"},\"inLanguage\":\"es\",\"potentialAction\":[{\"@type\":\"ReadAction\",\"target\":[\"https:\\\/\\\/hidalgopsychiatry.com\\\/terms-of-use\\\/\"]}]},{\"@type\":\"BreadcrumbList\",\"@id\":\"https:\\\/\\\/hidalgopsychiatry.com\\\/terms-of-use\\\/#breadcrumb\",\"itemListElement\":[{\"@type\":\"ListItem\",\"position\":1,\"name\":\"Home\",\"item\":\"https:\\\/\\\/hidalgopsychiatry.com\\\/\"},{\"@type\":\"ListItem\",\"position\":2,\"name\":\"Terms of Use\"}]},{\"@type\":\"WebSite\",\"@id\":\"https:\\\/\\\/hidalgopsychiatry.com\\\/#website\",\"url\":\"https:\\\/\\\/hidalgopsychiatry.com\\\/\",\"name\":\"Hidalgo TMS Psychiatric Services\",\"description\":\"Discover compassionate mental health care and effective TMS Therapy at Hidalgo TMS Psychiatric Services in Miami. Schedule your consultation today\",\"publisher\":{\"@id\":\"https:\\\/\\\/hidalgopsychiatry.com\\\/#organization\"},\"potentialAction\":[{\"@type\":\"SearchAction\",\"target\":{\"@type\":\"EntryPoint\",\"urlTemplate\":\"https:\\\/\\\/hidalgopsychiatry.com\\\/?s={search_term_string}\"},\"query-input\":{\"@type\":\"PropertyValueSpecification\",\"valueRequired\":true,\"valueName\":\"search_term_string\"}}],\"inLanguage\":\"es\"},{\"@type\":\"Organization\",\"@id\":\"https:\\\/\\\/hidalgopsychiatry.com\\\/#organization\",\"name\":\"Hidalgo TMS Psychiatric Services\",\"alternateName\":\"Hidalgo Psychiatry\",\"url\":\"https:\\\/\\\/hidalgopsychiatry.com\\\/\",\"logo\":{\"@type\":\"ImageObject\",\"inLanguage\":\"es\",\"@id\":\"https:\\\/\\\/hidalgopsychiatry.com\\\/#\\\/schema\\\/logo\\\/image\\\/\",\"url\":\"https:\\\/\\\/hidalgopsychiatry.com\\\/wp-content\\\/uploads\\\/2024\\\/10\\\/cropped-Diseno-sin-titulo-2.png\",\"contentUrl\":\"https:\\\/\\\/hidalgopsychiatry.com\\\/wp-content\\\/uploads\\\/2024\\\/10\\\/cropped-Diseno-sin-titulo-2.png\",\"width\":307,\"height\":325,\"caption\":\"Hidalgo TMS Psychiatric Services\"},\"image\":{\"@id\":\"https:\\\/\\\/hidalgopsychiatry.com\\\/#\\\/schema\\\/logo\\\/image\\\/\"},\"sameAs\":[\"https:\\\/\\\/www.facebook.com\\\/301341186404775?ref=PROFILE_EDIT_xav_ig_profile_page_web\",\"https:\\\/\\\/www.instagram.com\\\/hidalgo_tms_psychiatric_svcs\\\/\"],\"description\":\"Hidalgo TMS is a premier psychiatric clinic in Miami, FL, specializing in advanced treatments for treatment-resistant mental health conditions. Led by Dr. Alen Hidalgo, the clinic provides innovative therapies such as Transcranial Magnetic Stimulation (TMS) and Spravato (Esketamine) for depression, OCD, and anxiety, ensuring personalized and evidence-based psychiatric care.\",\"email\":\"info@hidalgopsychiatry.com\",\"telephone\":\"+1 (305) 459-3207\",\"legalName\":\"Hidalgo TMS Psychiatric Services LLC\",\"foundingDate\":\"2024-06-24\",\"naics\":\"621112\",\"numberOfEmployees\":{\"@type\":\"QuantitativeValue\",\"minValue\":\"1\",\"maxValue\":\"10\"}}]}<\/script>\n<!-- \/ Yoast SEO Premium plugin. -->","yoast_head_json":{"title":"Condiciones de uso - Servicios psiqui\u00e1tricos Hidalgo TMS","description":"Lea los T\u00e9rminos de uso oficiales del sitio web de Hidalgo TMS Psychiatry Services, que incluyen la exenci\u00f3n de responsabilidad m\u00e9dica, los avisos legales y las pol\u00edticas de uso general.","robots":{"index":"index","follow":"follow","max-snippet":"max-snippet:-1","max-image-preview":"max-image-preview:large","max-video-preview":"max-video-preview:-1"},"canonical":"https:\/\/hidalgopsychiatry.com\/es\/condiciones-de-uso\/","og_locale":"es_ES","og_type":"article","og_title":"Terms of Use","og_description":"Read the official Terms of Use for the Hidalgo TMS Psychiatry Services website, including the medical disclaimer, legal notices, and general usage policies.","og_url":"https:\/\/hidalgopsychiatry.com\/es\/condiciones-de-uso\/","og_site_name":"Hidalgo TMS Psychiatric Services","article_publisher":"https:\/\/www.facebook.com\/301341186404775?ref=PROFILE_EDIT_xav_ig_profile_page_web","article_modified_time":"2025-11-07T19:29:13+00:00","twitter_card":"summary_large_image","twitter_misc":{"Tiempo de lectura":"2 minutos"},"schema":{"@context":"https:\/\/schema.org","@graph":[{"@type":"WebPage","@id":"https:\/\/hidalgopsychiatry.com\/terms-of-use\/","url":"https:\/\/hidalgopsychiatry.com\/terms-of-use\/","name":"Condiciones de uso - Servicios psiqui\u00e1tricos Hidalgo TMS","isPartOf":{"@id":"https:\/\/hidalgopsychiatry.com\/#website"},"datePublished":"2024-12-25T17:18:06+00:00","dateModified":"2025-11-07T19:29:13+00:00","description":"Lea los T\u00e9rminos de uso oficiales del sitio web de Hidalgo TMS Psychiatry Services, que incluyen la exenci\u00f3n de responsabilidad m\u00e9dica, los avisos legales y las pol\u00edticas de uso general.","breadcrumb":{"@id":"https:\/\/hidalgopsychiatry.com\/terms-of-use\/#breadcrumb"},"inLanguage":"es","potentialAction":[{"@type":"ReadAction","target":["https:\/\/hidalgopsychiatry.com\/terms-of-use\/"]}]},{"@type":"BreadcrumbList","@id":"https:\/\/hidalgopsychiatry.com\/terms-of-use\/#breadcrumb","itemListElement":[{"@type":"ListItem","position":1,"name":"Home","item":"https:\/\/hidalgopsychiatry.com\/"},{"@type":"ListItem","position":2,"name":"Terms of Use"}]},{"@type":"WebSite","@id":"https:\/\/hidalgopsychiatry.com\/#website","url":"https:\/\/hidalgopsychiatry.com\/","name":"Servicios Psiqui\u00e1tricos TMS Hidalgo","description":"Descubra la atenci\u00f3n compasiva en salud mental y la terapia EMT eficaz en Hidalgo TMS Psychiatric Services en Miami. Programe su consulta hoy mismo.","publisher":{"@id":"https:\/\/hidalgopsychiatry.com\/#organization"},"potentialAction":[{"@type":"SearchAction","target":{"@type":"EntryPoint","urlTemplate":"https:\/\/hidalgopsychiatry.com\/?s={search_term_string}"},"query-input":{"@type":"PropertyValueSpecification","valueRequired":true,"valueName":"search_term_string"}}],"inLanguage":"es"},{"@type":"Organization","@id":"https:\/\/hidalgopsychiatry.com\/#organization","name":"Servicios Psiqui\u00e1tricos TMS Hidalgo","alternateName":"Hidalgo Psychiatry","url":"https:\/\/hidalgopsychiatry.com\/","logo":{"@type":"ImageObject","inLanguage":"es","@id":"https:\/\/hidalgopsychiatry.com\/#\/schema\/logo\/image\/","url":"https:\/\/hidalgopsychiatry.com\/wp-content\/uploads\/2024\/10\/cropped-Diseno-sin-titulo-2.png","contentUrl":"https:\/\/hidalgopsychiatry.com\/wp-content\/uploads\/2024\/10\/cropped-Diseno-sin-titulo-2.png","width":307,"height":325,"caption":"Hidalgo TMS Psychiatric Services"},"image":{"@id":"https:\/\/hidalgopsychiatry.com\/#\/schema\/logo\/image\/"},"sameAs":["https:\/\/www.facebook.com\/301341186404775?ref=PROFILE_EDIT_xav_ig_profile_page_web","https:\/\/www.instagram.com\/hidalgo_tms_psychiatric_svcs\/"],"description":"Hidalgo TMS es una cl\u00ednica psiqui\u00e1trica de primer nivel en Miami, Florida, especializada en tratamientos avanzados para trastornos de salud mental resistentes al tratamiento. Dirigida por el Dr. Alen Hidalgo, la cl\u00ednica ofrece terapias innovadoras como la estimulaci\u00f3n magn\u00e9tica transcraneal (EMT) y Spravato (esketamina) para la depresi\u00f3n, el trastorno obsesivo-compulsivo (TOC) y la ansiedad, garantizando una atenci\u00f3n psiqui\u00e1trica personalizada y basada en la evidencia.","email":"info@hidalgopsychiatry.com","telephone":"+1 (305) 459-3207","legalName":"Hidalgo TMS Psychiatric Services LLC","foundingDate":"2024-06-24","naics":"621112","numberOfEmployees":{"@type":"QuantitativeValue","minValue":"1","maxValue":"10"}}]}},"_links":{"self":[{"href":"https:\/\/hidalgopsychiatry.com\/es\/wp-json\/wp\/v2\/pages\/11153","targetHints":{"allow":["GET"]}}],"collection":[{"href":"https:\/\/hidalgopsychiatry.com\/es\/wp-json\/wp\/v2\/pages"}],"about":[{"href":"https:\/\/hidalgopsychiatry.com\/es\/wp-json\/wp\/v2\/types\/page"}],"author":[{"embeddable":true,"href":"https:\/\/hidalgopsychiatry.com\/es\/wp-json\/wp\/v2\/users\/1"}],"replies":[{"embeddable":true,"href":"https:\/\/hidalgopsychiatry.com\/es\/wp-json\/wp\/v2\/comments?post=11153"}],"version-history":[{"count":0,"href":"https:\/\/hidalgopsychiatry.com\/es\/wp-json\/wp\/v2\/pages\/11153\/revisions"}],"wp:attachment":[{"href":"https:\/\/hidalgopsychiatry.com\/es\/wp-json\/wp\/v2\/media?parent=11153"}],"curies":[{"name":"wp","href":"https:\/\/api.w.org\/{rel}","templated":true}]}}